{"id":4851,"date":"2024-11-21T13:40:24","date_gmt":"2024-11-21T05:40:24","guid":{"rendered":"https:\/\/meetlive.my\/ve\/"},"modified":"2025-01-20T12:44:44","modified_gmt":"2025-01-20T04:44:44","slug":"ve","status":"publish","type":"page","link":"https:\/\/meetlive.my\/vi\/ve\/","title":{"rendered":"V\u1ec1"},"content":{"rendered":"<section class=\"wpb-content-wrapper\"><p>[vc_row full_width=&#8221;stretch_row&#8221; equal_height=&#8221;yes&#8221; content_placement=&#8221;top&#8221; ia_row_style=&#8221;1&#8243; ia_row_paralax=&#8221;0&#8243; ia_row_scheme=&#8221;0&#8243;][vc_column][vc_gallery interval=&#8221;3&#8243; images=&#8221;4358,4359,4360&#8243; img_size=&#8221;full&#8221; onclick=&#8221;&#8221; css_animation=&#8221;none&#8221;][\/vc_column][\/vc_row][vc_row ia_row_style=&#8221;0&#8243; ia_row_paralax=&#8221;0&#8243; ia_row_scheme=&#8221;0&#8243; css=&#8221;.vc_custom_1732205103726{background-position: center !important;background-repeat: no-repeat !important;background-size: cover !important;}&#8221;][vc_column][vc_column_text]<strong>T\u1ed5ng quan<\/strong><br \/>\n Mighty Media Sdn Bhd l\u00e0 c\u00f4ng ty ti\u00ean phong trong ng\u00e0nh \u1ee9ng d\u1ee5ng n\u1ec1n t\u1ea3ng x\u00e3 h\u1ed9i tr\u1ef1c tuy\u1ebfn c\u1ee7a Malaysia, chuy\u00ean c\u00e1ch m\u1ea1ng h\u00f3a c\u00e1ch m\u1ecdi ng\u01b0\u1eddi k\u1ebft n\u1ed1i v\u00e0 t\u01b0\u01a1ng t\u00e1c th\u00f4ng qua ph\u00e1t tr\u1ef1c ti\u1ebfp. \u1ee8ng d\u1ee5ng m\u1ea1ng x\u00e3 h\u1ed9i ph\u00e1t tr\u1ef1c ti\u1ebfp c\u1ee7a ch\u00fang t\u00f4i &#8211; Meet Live cung c\u1ea5p \u1ee9ng d\u1ee5ng ph\u00e1t tr\u1ef1c ti\u1ebfp v\u00e0 mua s\u1eafm ngo\u1ea1i tuy\u1ebfn ti\u00ean ti\u1ebfn \u0111\u01b0\u1ee3c thi\u1ebft k\u1ebf \u0111\u1ec3 cung c\u1ea5p cho ng\u01b0\u1eddi d\u00f9ng n\u1ec1n t\u1ea3ng t\u01b0\u01a1ng t\u00e1c s\u1ed1ng \u0111\u1ed9ng v\u00e0 \u0111a d\u1ea1ng. Trong c\u1ed9ng \u0111\u1ed3ng n\u0103ng \u0111\u1ed9ng n\u00e0y, ng\u01b0\u1eddi d\u00f9ng kh\u00f4ng ch\u1ec9 c\u00f3 th\u1ec3 t\u1ea3i l\u00ean v\u00e0 chia s\u1ebb nh\u1eefng video th\u00fa v\u1ecb c\u1ee7a m\u00ecnh m\u00e0 c\u00f2n c\u00f3 th\u1ec3 t\u01b0\u01a1ng t\u00e1c th\u1eddi gian th\u1ef1c v\u1edbi nh\u1eefng ng\u01b0\u1eddi ph\u00e1t tr\u1ef1c ti\u1ebfp t\u1eeb nhi\u1ec1u l\u0129nh v\u1ef1c kh\u00e1c nhau, th\u01b0\u1edfng th\u1ee9c nhi\u1ec1u n\u1ed9i dung h\u1ea5p d\u1eabn.<\/p>\n<p><strong>S\u1ee9 m\u1ec7nh c\u1ee7a ch\u00fang t\u00f4i<\/strong><br \/>\n S\u1ee9 m\u1ec7nh c\u1ee7a ch\u00fang t\u00f4i l\u00e0 trao quy\u1ec1n cho c\u00e1 nh\u00e2n v\u00e0 doanh nghi\u1ec7p th\u00f4ng qua c\u00e1c gi\u1ea3i ph\u00e1p ph\u00e1t tr\u1ef1c ti\u1ebfp s\u00e1ng t\u1ea1o gi\u00fap t\u0103ng c\u01b0\u1eddng kh\u1ea3 n\u0103ng k\u1ebft n\u1ed1i v\u00e0 kh\u1ea3 n\u0103ng hi\u1ec3n th\u1ecb th\u01b0\u01a1ng hi\u1ec7u. Ch\u00fang t\u00f4i n\u1ed7 l\u1ef1c t\u1ea1o ra m\u1ed9t n\u1ec1n t\u1ea3ng to\u00e0n di\u1ec7n, n\u01a1i s\u1ef1 s\u00e1ng t\u1ea1o \u0111\u01b0\u1ee3c ph\u00e1t tri\u1ec3n v\u00e0 ng\u01b0\u1eddi d\u00f9ng c\u00f3 th\u1ec3 tham gia m\u1ed9t c\u00e1ch c\u00f3 \u00fd ngh\u0129a, ph\u00e1 b\u1ecf r\u00e0o c\u1ea3n trong giao ti\u1ebfp v\u00e0 qu\u1ea3ng b\u00e1.<\/p>\n<p><strong>T\u1ea7m nh\u00ecn c\u1ee7a ch\u00fang t\u00f4i<\/strong><br \/>\n Ch\u00fang t\u00f4i cam k\u1ebft t\u1ea1o ra m\u1ed9t c\u1ed9ng \u0111\u1ed3ng n\u0103ng \u0111\u1ed9ng v\u00e0 an to\u00e0n, truy\u1ec1n c\u1ea3m h\u1ee9ng s\u00e1ng t\u1ea1o cho ng\u01b0\u1eddi d\u00f9ng v\u00e0 khuy\u1ebfn kh\u00edch vi\u1ec7c t\u1ea1o ra v\u00e0 chia s\u1ebb n\u1ed9i dung n\u1ed5i b\u1eadt. Meet Live kh\u00f4ng ch\u1ec9 l\u00e0 n\u1ec1n t\u1ea3ng gi\u1ea3i tr\u00ed; \u0111\u00f3 c\u00f2n l\u00e0 c\u1ea7u n\u1ed1i quan tr\u1ecdng k\u1ebft n\u1ed1i ng\u01b0\u1eddi d\u00f9ng v\u1edbi doanh nghi\u1ec7p v\u00e0 ng\u01b0\u1eddi ph\u00e1t tr\u1ef1c ti\u1ebfp v\u1edbi kh\u00e1n gi\u1ea3. T\u1ea1i \u0111\u00e2y, ch\u00fang t\u00f4i hy v\u1ecdng m\u1ecdi ng\u01b0\u1eddi d\u00f9ng \u0111\u1ec1u c\u00f3 th\u1ec3 t\u00ecm th\u1ea5y s\u00e2n kh\u1ea5u c\u1ee7a ri\u00eang m\u00ecnh, chia s\u1ebb c\u00e2u chuy\u1ec7n v\u00e0 th\u1ef1c hi\u1ec7n \u01b0\u1edbc m\u01a1.<\/p>\n<p>H\u00e3y c\u00f9ng ch\u00fang t\u00f4i kh\u00e1m ph\u00e1 nh\u1eefng \u0111i\u1ec1u phi th\u01b0\u1eddng, t\u1eadn h\u01b0\u1edfng ni\u1ec1m vui v\u00e0 t\u1ea1o ra nh\u1eefng kh\u1ea3 n\u0103ng v\u00f4 h\u1ea1n tr\u00ean Meet Live![\/vc_column_text][\/vc_column][\/vc_row][vc_row full_width=&#8221;stretch_row&#8221; ia_row_style=&#8221;0&#8243; ia_row_paralax=&#8221;0&#8243; ia_row_scheme=&#8221;0&#8243; css=&#8221;.vc_custom_1732205190912{margin-bottom: 0px !important;padding-top: 30px !important;padding-bottom: 45px !important;background-color: #f2f2f2 !important;}&#8221;][vc_column width=&#8221;1\/4&#8243;]    \t    \t<div id=\"ia-icon-box-1\" class=\"media ia-icon-box  \" data-delay=0>\r\n            <div class=\"text-center\">\r\n            \t                <div class=\"ia-icon\">\r\n                \t<i class=\"fa fa-gift\"><\/i>\r\n                <\/div>\r\n                            <\/div>\r\n            <div class=\"media-body text-center\">\r\n                <h4 class=\"media-heading\">Live Stream Anytime and Anywhere<\/h4><p>  Th\u1ec3 hi\u1ec7n t\u00e0i n\u0103ng c\u1ee7a b\u1ea1n, thu h\u00fat ng\u01b0\u1eddi theo d\u00f5i, nh\u1eadn qu\u00e0 t\u1eb7ng \u1ea3o c\u00f3 th\u1ec3 quy \u0111\u1ed5i th\u00e0nh $$.<\/p>            <\/div>\r\n            <div class=\"clearfix\"><\/div>\r\n        <\/div>\r\n        \t[\/vc_column][vc_column width=&#8221;1\/4&#8243;]    \t    \t<div id=\"ia-icon-box-2\" class=\"media ia-icon-box  \" data-delay=0>\r\n            <div class=\"text-center\">\r\n            \t                <div class=\"ia-icon\">\r\n                \t<i class=\"fa fa-users\"><\/i>\r\n                <\/div>\r\n                            <\/div>\r\n            <div class=\"media-body text-center\">\r\n                <h4 class=\"media-heading\">Make Friends Nearby and Worldwide<\/h4><p>Kh\u00e1m ph\u00e1, k\u1ebft n\u1ed1i v\u00e0 g\u1eb7p g\u1ee1 nh\u1eefng ng\u01b0\u1eddi tr\u1ebb \u1edf g\u1ea7n v\u00e0 tr\u00ean to\u00e0n th\u1ebf gi\u1edbi, tr\u00f2 chuy\u1ec7n video mi\u1ec5n ph\u00ed v\u1edbi b\u1ea1n b\u00e8 m\u1edbi ngay trong ph\u00f2ng ph\u00e1t tr\u1ef1c ti\u1ebfp!<\/p>            <\/div>\r\n            <div class=\"clearfix\"><\/div>\r\n        <\/div>\r\n        \t[\/vc_column][vc_column width=&#8221;1\/4&#8243;]    \t    \t<div id=\"ia-icon-box-3\" class=\"media ia-icon-box  \" data-delay=0>\r\n            <div class=\"text-center\">\r\n            \t                <div class=\"ia-icon\">\r\n                \t<i class=\"fa fa-user\"><\/i>\r\n                <\/div>\r\n                            <\/div>\r\n            <div class=\"media-body text-center\">\r\n                <h4 class=\"media-heading\">Referral Program<\/h4><p>C\u01a1 h\u1ed9i to\u00e0n c\u1ea7u v\u00e0 ti\u1ec1m n\u0103ng ki\u1ebfm ti\u1ec1n v\u00f4 h\u1ea1n<\/p>            <\/div>\r\n            <div class=\"clearfix\"><\/div>\r\n        <\/div>\r\n        \t[\/vc_column][vc_column width=&#8221;1\/4&#8243;]    \t    \t<div id=\"ia-icon-box-4\" class=\"media ia-icon-box  \" data-delay=0>\r\n            <div class=\"text-center\">\r\n            \t                <div class=\"ia-icon\">\r\n                \t<i class=\"fa fa-gamepad\"><\/i>\r\n                <\/div>\r\n                            <\/div>\r\n            <div class=\"media-body text-center\">\r\n                <h4 class=\"media-heading\">Live Video PK Show!<\/h4><p>C\u00e1c streamer gi\u1edd \u0111\u00e2y c\u00f3 th\u1ec3 vui ch\u01a1i trong nh\u1eefng th\u1eed th\u00e1ch PK th\u00fa v\u1ecb c\u00f9ng b\u1ea1n b\u00e8!<\/p>            <\/div>\r\n            <div class=\"clearfix\"><\/div>\r\n        <\/div>\r\n        \t[\/vc_column][\/vc_row][vc_row ia_row_style=&#8221;0&#8243; ia_row_paralax=&#8221;0&#8243; ia_row_scheme=&#8221;0&#8243; css=&#8221;.vc_custom_1533292034187{margin-bottom: 0px !important;padding-top: 80px !important;padding-bottom: 80px !important;}&#8221;][vc_column width=&#8221;1\/2&#8243;][\/vc_column][vc_column width=&#8221;1\/2&#8243; css=&#8221;.vc_custom_1412697251983{padding-top: 20px !important;}&#8221;]    <div class=\"ia-heading ia-heading-heading_5262 heading-align-center \" data-delay=0>\r\n    \t<h2 class=\"h1\">\r\n                \tWhy Meet Live?                <\/h2>\r\n        <div class=\"clearfix\"><\/div>\r\n    <\/div>\r\n    [vc_empty_space height=&#8221;9px&#8221;][vc_accordion][vc_accordion_tab title=&#8221;Tr\u1ea3i nghi\u1ec7m ph\u00e1t tr\u1ef1c ti\u1ebfp \u0111a d\u1ea1ng&#8221;][vc_column_text]Meet Live quy t\u1ee5 nhi\u1ec1u streamer, bao g\u1ed3m nh\u1eefng ng\u01b0\u1eddi ho\u1ea1t \u0111\u1ed9ng trong l\u0129nh v\u1ef1c gi\u1ea3i tr\u00ed, ch\u01a1i game, tr\u00ecnh di\u1ec5n t\u00e0i n\u0103ng, th\u01b0\u01a1ng m\u1ea1i \u0111i\u1ec7n t\u1eed, \u1ea9m th\u1ef1c v\u00e0 du l\u1ecbch, cho ph\u00e9p ng\u01b0\u1eddi d\u00f9ng tr\u1ea3i nghi\u1ec7m nhi\u1ec1u b\u1eefa ti\u1ec7c th\u1ecb gi\u00e1c v\u00e0 th\u00ednh gi\u00e1c kh\u00e1c nhau tr\u00ean c\u00f9ng m\u1ed9t n\u1ec1n t\u1ea3ng. Cho d\u00f9 b\u1ea1n \u0111ang t\u00ecm ki\u1ebfm lu\u1ed3ng ph\u00e1t tr\u1ef1c ti\u1ebfp tr\u00f2 ch\u01a1i th\u00fa v\u1ecb, \u0111\u1ec1 xu\u1ea5t \u1ea9m th\u1ef1c hay kh\u00e1m ph\u00e1 nh\u1eefng \u0111i\u1ec3m \u0111\u1ebfn du l\u1ecbch m\u1edbi, Meet Live \u0111\u1ec1u \u0111\u00e1p \u1ee9ng m\u1ecdi s\u1edf th\u00edch c\u1ee7a b\u1ea1n.[\/vc_column_text][\/vc_accordion_tab][vc_accordion_tab title=&#8221;Khuy\u1ebfn m\u00e3i s\u00e1ng t\u1ea1o cho doanh nghi\u1ec7p&#8221;][vc_column_text]N\u1ec1n t\u1ea3ng c\u1ee7a ch\u00fang t\u00f4i cung c\u1ea5p cho doanh nghi\u1ec7p m\u1ed9t k\u00eanh qu\u1ea3ng c\u00e1o \u0111\u1ed9c \u0111\u00e1o. C\u00e1c th\u01b0\u01a1ng gia c\u00f3 th\u1ec3 gi\u1edbi thi\u1ec7u s\u1ea3n ph\u1ea9m c\u1ee7a m\u00ecnh tr\u00ean Meet Live v\u00e0 thu h\u00fat ng\u01b0\u1eddi ti\u00eau d\u00f9ng \u0111\u1ebfn c\u1eeda h\u00e0ng b\u1eb1ng c\u00e1ch b\u00e1n phi\u1ebfu mua s\u1eafm t\u1ea1i c\u1eeda h\u00e0ng. Th\u00f4ng qua vi\u1ec7c nh\u1eafm m\u1ee5c ti\u00eau th\u1ecb tr\u01b0\u1eddng ch\u00ednh x\u00e1c v\u00e0 ph\u00e2n t\u00edch d\u1eef li\u1ec7u th\u1eddi gian th\u1ef1c, c\u00e1c doanh nghi\u1ec7p c\u00f3 th\u1ec3 ti\u1ebfp c\u1eadn kh\u00e1ch h\u00e0ng m\u1ee5c ti\u00eau v\u00e0 th\u00fac \u0111\u1ea9y doanh s\u1ed1 hi\u1ec7u qu\u1ea3 h\u01a1n.[\/vc_column_text][\/vc_accordion_tab][vc_accordion_tab title=&#8221;L\u1ee3i \u00edch duy nh\u1ea5t c\u1ee7a ng\u01b0\u1eddi d\u00f9ng&#8221;][vc_column_text]T\u1ea1i Meet Live, ng\u01b0\u1eddi ti\u00eau d\u00f9ng kh\u00f4ng ch\u1ec9 \u0111\u01b0\u1ee3c h\u01b0\u1edfng \u01b0u \u0111\u00e3i mua s\u1eafm m\u00e0 c\u00f2n c\u00f3 c\u01a1 h\u1ed9i tham gia nhi\u1ec1u ch\u01b0\u01a1ng tr\u00ecnh t\u1eb7ng qu\u00e0 h\u1ea5p d\u1eabn \u0111\u01b0\u1ee3c t\u1ed5 ch\u1ee9c tr\u00ean n\u1ec1n t\u1ea3ng. M\u00f4 h\u00ecnh t\u01b0\u01a1ng t\u00e1c n\u00e0y t\u0103ng c\u01b0\u1eddng s\u1ef1 tham gia c\u1ee7a ng\u01b0\u1eddi d\u00f9ng v\u00e0 nu\u00f4i d\u01b0\u1ee1ng l\u00f2ng trung th\u00e0nh v\u1edbi th\u01b0\u01a1ng hi\u1ec7u. M\u1ed7i l\u1ea7n mua h\u00e0ng l\u00e0 m\u1ed9t tr\u1ea3i nghi\u1ec7m m\u1edbi v\u00e0 m\u1ed7i l\u1ea7n t\u01b0\u01a1ng t\u00e1c \u0111\u1ec1u ti\u1ec1m \u1ea9n nh\u1eefng \u0111i\u1ec1u b\u1ea5t ng\u1edd kh\u00f4ng mong \u0111\u1ee3i.[\/vc_column_text][\/vc_accordion_tab][\/vc_accordion][\/vc_column][\/vc_row][vc_row full_width=&#8221;stretch_row&#8221; ia_row_style=&#8221;0&#8243; ia_row_paralax=&#8221;0&#8243; ia_row_scheme=&#8221;0&#8243; css=&#8221;.vc_custom_1732205173423{margin-bottom: 0px !important;padding-top: 34px !important;padding-bottom: 84px !important;background-color: #fcfcfc !important;background-position: center !important;background-repeat: no-repeat !important;background-size: cover !important;}&#8221;][vc_column width=&#8221;3\/4&#8243; offset=&#8221;vc_col-lg-9 vc_col-md-8&#8243;]    \t    \t<div id=\"ia-icon-box-5\" class=\"media ia-icon-box  \" data-delay=0>\r\n            <div class=\"pull-left\">\r\n            \t                <div class=\"ia-icon\">\r\n                \t<i class=\"fa fa-video-camera\"><\/i>\r\n                <\/div>\r\n                            <\/div>\r\n            <div class=\"media-body \">\r\n                <h4 class=\"media-heading\">Stream. Meet. Have Fun.<\/h4><p>M\u1ed9t n\u1ec1n t\u1ea3ng ph\u00e1t tr\u1ef1c ti\u1ebfp to\u00e0n c\u1ea7u \u0111\u1ec3 t\u1ea1o n\u1ed9i dung, kh\u00e1m ph\u00e1 v\u00e0 truy\u1ec1n th\u00f4ng<\/p>            <\/div>\r\n            <div class=\"clearfix\"><\/div>\r\n        <\/div>\r\n        \t[\/vc_column][vc_column width=&#8221;1\/4&#8243; css=&#8221;.vc_custom_1535608336802{padding-top: 45px !important;}&#8221; offset=&#8221;vc_col-lg-3 vc_col-md-4&#8243;][vc_column_text]<\/p>\n<p style=\"text-align: right;\">    \t<a class=\"btn button-button_17 btn-primary btn-lg \" href=\"#\"   >\r\n        Ph\u00e1t tr\u1ef1c ti\u1ebfp mi\u1ec5n ph\u00ed&nbsp;&nbsp;<i class=\"fa fa-angle-right\"><\/i>        <\/a>\r\n        <\/p>\n<p>[\/vc_column_text][\/vc_column][\/vc_row]<\/p>\n<\/section>","protected":false},"excerpt":{"rendered":"<p>[vc_row full_width=&#8221;stretch_row&#8221; equal_height=&#8221;yes&#8221; content_placement=&#8221;top&#8221; ia_row_style=&#8221;1&#8243; ia_row_paralax=&#8221;0&#8243; ia_row_scheme=&#8221;0&#8243;][vc_column][vc_gallery interval=&#8221;3&#8243; images=&#8221;4358,4359,4360&#8243; img_size=&#8221;full&#8221; onclick=&#8221;&#8221; css_animation=&#8221;none&#8221;][\/vc_column][\/vc_row][vc_row ia_row_style=&#8221;0&#8243; ia_row_paralax=&#8221;0&#8243; ia_row_scheme=&#8221;0&#8243; css=&#8221;.vc_custom_1732205103726{background-position: center !important;background-repeat: no-repeat !important;background-size: cover !important;}&#8221;][vc_column][vc_column_text]T\u1ed5ng quan Mighty Media Sdn Bhd l\u00e0 c\u00f4ng ty ti\u00ean phong trong ng\u00e0nh \u1ee9ng [&hellip;]<\/p>\n","protected":false},"author":1,"featured_media":0,"parent":0,"menu_order":0,"comment_status":"closed","ping_status":"closed","template":"page-templates\/front-page.php","meta":{"footnotes":""},"class_list":["post-4851","page","type-page","status-publish","hentry"],"_links":{"self":[{"href":"https:\/\/meetlive.my\/vi\/wp-json\/wp\/v2\/pages\/4851","targetHints":{"allow":["GET"]}}],"collection":[{"href":"https:\/\/meetlive.my\/vi\/wp-json\/wp\/v2\/pages"}],"about":[{"href":"https:\/\/meetlive.my\/vi\/wp-json\/wp\/v2\/types\/page"}],"author":[{"embeddable":true,"href":"https:\/\/meetlive.my\/vi\/wp-json\/wp\/v2\/users\/1"}],"replies":[{"embeddable":true,"href":"https:\/\/meetlive.my\/vi\/wp-json\/wp\/v2\/comments?post=4851"}],"version-history":[{"count":4,"href":"https:\/\/meetlive.my\/vi\/wp-json\/wp\/v2\/pages\/4851\/revisions"}],"predecessor-version":[{"id":4857,"href":"https:\/\/meetlive.my\/vi\/wp-json\/wp\/v2\/pages\/4851\/revisions\/4857"}],"wp:attachment":[{"href":"https:\/\/meetlive.my\/vi\/wp-json\/wp\/v2\/media?parent=4851"}],"curies":[{"name":"wp","href":"https:\/\/api.w.org\/{rel}","templated":true}]}}